{"id":4649,"date":"2023-11-30T00:32:02","date_gmt":"2023-11-29T23:32:02","guid":{"rendered":"https:\/\/sarahteichmueller.com\/?page_id=4649"},"modified":"2025-03-24T20:11:06","modified_gmt":"2025-03-24T19:11:06","slug":"beratung","status":"publish","type":"page","link":"https:\/\/sarahteichmueller.com\/en\/beratung\/","title":{"rendered":"Coaching"},"content":{"rendered":"<div data-elementor-type=\"wp-page\" data-elementor-id=\"4649\" class=\"elementor elementor-4649\">\n\t\t\t\t<div class=\"elementor-element elementor-element-898461c e-con-full e-flex e-con e-parent\" data-id=\"898461c\" data-element_type=\"container\" data-settings=\"{&quot;jet_parallax_layout_list&quot;:[]}\">\n\t\t\t\t<div class=\"elementor-element elementor-element-aee58be elementor-widget elementor-widget-video\" data-id=\"aee58be\" data-element_type=\"widget\" data-settings=\"{&quot;video_type&quot;:&quot;hosted&quot;,&quot;controls&quot;:&quot;yes&quot;}\" data-widget_type=\"video.default\">\n\t\t\t\t<div class=\"elementor-widget-container\">\n\t\t\t\t\t\t\t<div class=\"e-hosted-video elementor-wrapper elementor-open-inline\">\n\t\t\t\t\t<video class=\"elementor-video\" src=\"https:\/\/sarahteichmueller.com\/wp-content\/uploads\/2023\/11\/Institute.mp4\" controls=\"\" preload=\"metadata\" controlslist=\"nodownload\" poster=\"https:\/\/sarahteichmueller.com\/wp-content\/uploads\/2023\/05\/Consulting_Sarah_Teichmueller-1-e1685450271334.jpg\"><\/video>\n\t\t\t\t<\/div>\n\t\t\t\t\t\t<\/div>\n\t\t\t\t<\/div>\n\t\t\t\t<div class=\"elementor-element elementor-element-e73b01e elementor-widget elementor-widget-heading\" data-id=\"e73b01e\" data-element_type=\"widget\" data-widget_type=\"heading.default\">\n\t\t\t\t<div class=\"elementor-widget-container\">\n\t\t\t\t\t<h2 class=\"elementor-heading-title elementor-size-default\">\"Until you make the unconscious conscious,<br>it will direct your life, and you will call it fate.\" <br>- Carl Jung<\/h2>\t\t\t\t<\/div>\n\t\t\t\t<\/div>\n\t\t\t\t<\/div>\n\t\t<div class=\"elementor-element elementor-element-42969cd e-con-full e-flex e-con e-parent\" data-id=\"42969cd\" data-element_type=\"container\" data-settings=\"{&quot;jet_parallax_layout_list&quot;:[]}\">\n\t\t\t\t<div class=\"elementor-element elementor-element-5a44211 elementor-widget elementor-widget-text-editor\" data-id=\"5a44211\" data-element_type=\"widget\" data-widget_type=\"text-editor.default\">\n\t\t\t\t<div class=\"elementor-widget-container\">\n\t\t\t\t\t\t\t\t\t<p>I offer consultations by phone, Zoom, or at the institute in Palmanova. Let's first find out how I can support you. This initial consultation is free of charge and without obligation.<\/p><p>\u00a0<\/p><p>The consultations can take place in German or English.\u00a0<\/p>\t\t\t\t\t\t\t\t<\/div>\n\t\t\t\t<\/div>\n\t\t\t\t<\/div>\n\t\t<div class=\"elementor-element elementor-element-755ac8b e-flex e-con-boxed e-con e-parent\" data-id=\"755ac8b\" data-element_type=\"container\" data-settings=\"{&quot;jet_parallax_layout_list&quot;:[]}\">\n\t\t\t\t\t<div class=\"e-con-inner\">\n\t\t\t\t<div class=\"elementor-element elementor-element-48b1322 elementor-button-success elementor-align-center elementor-widget elementor-widget-button\" data-id=\"48b1322\" data-element_type=\"widget\" data-widget_type=\"button.default\">\n\t\t\t\t<div class=\"elementor-widget-container\">\n\t\t\t\t\t\t\t\t\t<div class=\"elementor-button-wrapper\">\n\t\t\t\t\t<a class=\"elementor-button elementor-button-link elementor-size-lg\" href=\"https:\/\/book.sarahteichmueller.com\/\">\n\t\t\t\t\t\t<span class=\"elementor-button-content-wrapper\">\n\t\t\t\t\t\t\t\t\t<span class=\"elementor-button-text\">Book call<\/span>\n\t\t\t\t\t<\/span>\n\t\t\t\t\t<\/a>\n\t\t\t\t<\/div>\n\t\t\t\t\t\t\t\t<\/div>\n\t\t\t\t<\/div>\n\t\t\t\t\t<\/div>\n\t\t\t\t<\/div>\n\t\t<div class=\"elementor-element elementor-element-b46067d e-con-full e-flex e-con e-parent\" data-id=\"b46067d\" data-element_type=\"container\" data-settings=\"{&quot;jet_parallax_layout_list&quot;:[]}\">\n\t\t\t\t<div class=\"elementor-element elementor-element-f0fe337 elementor-widget elementor-widget-google_maps\" data-id=\"f0fe337\" data-element_type=\"widget\" data-widget_type=\"google_maps.default\">\n\t\t\t\t<div class=\"elementor-widget-container\">\n\t\t\t\t\t\t\t<div class=\"elementor-custom-embed\">\n\t\t\t<iframe loading=\"lazy\"\n\t\t\t\t\tsrc=\"https:\/\/maps.google.com\/maps?q=Carrer%20de%20Carlos%20S%C3%A1enz%20de%20Tejada%20Garc%C3%ADa%2C%206%2C%20Edificio%202%2C%20Locales%209-10-11%2C%2007181%20Calvi%C3%A0%2C%20Balearic%20Islands%2C%20Spanien&#038;t=m&#038;z=13&#038;output=embed&#038;iwloc=near\"\n\t\t\t\t\ttitle=\"Carrer de Carlos S\u00e1enz de Tejada Garc\u00eda, 6, Edificio 2, Locales 9-10-11, 07181 Calvi\u00e0, Balearic Islands, Spanien\"\n\t\t\t\t\taria-label=\"Carrer de Carlos S\u00e1enz de Tejada Garc\u00eda, 6, Edificio 2, Locales 9-10-11, 07181 Calvi\u00e0, Balearic Islands, Spanien\"\n\t\t\t><\/iframe>\n\t\t<\/div>\n\t\t\t\t\t\t<\/div>\n\t\t\t\t<\/div>\n\t\t\t\t<\/div>\n\t\t\t\t<\/div>","protected":false},"excerpt":{"rendered":"<p>https:\/\/sarahteichmueller.com\/wp-content\/uploads\/2023\/11\/Institute.mp4 &#8222;Bis du das Unbewusste bewusst machst,wird es dein Leben lenken, und du wirst es Schicksal nennen&#8220; &#8211; Carl Jung Ich biete Beratungen sowohl telefonisch, per Zoom, oder im Institut in Palmanova an. Lass uns zuerst herausfinden, wobei ich dich unterst\u00fctzen darf. Dieses Erstgespr\u00e4ch ist unverbindlich und kostenfrei. \u00a0 Die Beratungsgespr\u00e4che k\u00f6nnen in deutscher oder englischer Sprache stattfinden.\u00a0 Unverbindlichen Termin buchen<\/p>","protected":false},"author":1,"featured_media":0,"parent":0,"menu_order":0,"comment_status":"closed","ping_status":"closed","template":"elementor_header_footer","meta":{"_seopress_robots_primary_cat":"","_seopress_titles_title":"","_seopress_titles_desc":"","_seopress_robots_index":"","iawp_total_views":79,"footnotes":""},"class_list":["post-4649","page","type-page","status-publish","hentry","is-cat-link-line-before"],"_links":{"self":[{"href":"https:\/\/sarahteichmueller.com\/en\/wp-json\/wp\/v2\/pages\/4649","targetHints":{"allow":["GET"]}}],"collection":[{"href":"https:\/\/sarahteichmueller.com\/en\/wp-json\/wp\/v2\/pages"}],"about":[{"href":"https:\/\/sarahteichmueller.com\/en\/wp-json\/wp\/v2\/types\/page"}],"author":[{"embeddable":true,"href":"https:\/\/sarahteichmueller.com\/en\/wp-json\/wp\/v2\/users\/1"}],"replies":[{"embeddable":true,"href":"https:\/\/sarahteichmueller.com\/en\/wp-json\/wp\/v2\/comments?post=4649"}],"version-history":[{"count":84,"href":"https:\/\/sarahteichmueller.com\/en\/wp-json\/wp\/v2\/pages\/4649\/revisions"}],"predecessor-version":[{"id":5287,"href":"https:\/\/sarahteichmueller.com\/en\/wp-json\/wp\/v2\/pages\/4649\/revisions\/5287"}],"wp:attachment":[{"href":"https:\/\/sarahteichmueller.com\/en\/wp-json\/wp\/v2\/media?parent=4649"}],"curies":[{"name":"wp","href":"https:\/\/api.w.org\/{rel}","templated":true}]}}